{"id":10439,"date":"2023-11-30T08:25:12","date_gmt":"2023-11-30T08:25:12","guid":{"rendered":"https:\/\/www.lineadivita.it\/professioneller-installateur\/"},"modified":"2026-02-26T11:28:59","modified_gmt":"2026-02-26T11:28:59","slug":"professioneller-installateur","status":"publish","type":"page","link":"https:\/\/www.lineadivita.it\/de\/professioneller-installateur\/","title":{"rendered":"Professioneller Installateur"},"content":{"rendered":"\t\t<div data-elementor-type=\"wp-page\" data-elementor-id=\"10439\" class=\"elementor elementor-10439 elementor-8637\">\n\t\t\t\t\t\t<section class=\"elementor-section elementor-top-section elementor-element elementor-element-f37773c elementor-section-full_width qodef-elementor-content-grid elementor-section-height-min-height elementor-section-stretched elementor-section-height-default elementor-section-items-middle elementor-invisible\" data-id=\"f37773c\" data-element_type=\"section\" data-e-type=\"section\" data-settings=\"{&quot;background_background&quot;:&quot;classic&quot;,&quot;stretch_section&quot;:&quot;section-stretched&quot;,&quot;animation&quot;:&quot;fadeIn&quot;}\">\n\t\t\t\t\t\t<div class=\"elementor-container elementor-column-gap-default\">\n\t\t\t\t\t<div class=\"elementor-column elementor-col-100 elementor-top-column elementor-element elementor-element-f29e60e\" data-id=\"f29e60e\" data-element_type=\"column\" data-e-type=\"column\">\n\t\t\t<div class=\"elementor-widget-wrap elementor-element-populated\">\n\t\t\t\t\t\t<div class=\"elementor-element elementor-element-a650074 elementor-widget elementor-widget-manufaktursolutions_core_section_title\" data-id=\"a650074\" data-element_type=\"widget\" data-e-type=\"widget\" data-widget_type=\"manufaktursolutions_core_section_title.default\">\n\t\t\t\t<div class=\"elementor-widget-container\">\n\t\t\t\t\t<div class=\"qodef-shortcode qodef-m  qodef-section-title qodef-alignment--left   \">\n\t\t\t<h1 class=\"qodef-m-title\" style=\"color: #FF7617\">\n\t\t\t\t\tProfessioneller Installateur<br \/>\t\t\t<\/h1>\n\t\t<\/div>\n\t\t\t\t<\/div>\n\t\t\t\t<\/div>\n\t\t\t\t\t<\/div>\n\t\t<\/div>\n\t\t\t\t\t<\/div>\n\t\t<\/section>\n\t\t\t\t<section class=\"elementor-section elementor-top-section elementor-element elementor-element-7bb08d1 elementor-section-full_width qodef-elementor-content-grid elementor-section-height-default elementor-section-height-default elementor-invisible\" data-id=\"7bb08d1\" data-element_type=\"section\" data-e-type=\"section\" data-settings=\"{&quot;animation&quot;:&quot;fadeIn&quot;}\">\n\t\t\t\t\t\t<div class=\"elementor-container elementor-column-gap-default\">\n\t\t\t\t\t<div class=\"elementor-column elementor-col-100 elementor-top-column elementor-element elementor-element-4e7ba47\" data-id=\"4e7ba47\" data-element_type=\"column\" data-e-type=\"column\">\n\t\t\t<div class=\"elementor-widget-wrap elementor-element-populated\">\n\t\t\t\t\t\t<div class=\"elementor-element elementor-element-719acc8 elementor-widget elementor-widget-qi_addons_for_elementor_section_title\" data-id=\"719acc8\" data-element_type=\"widget\" data-e-type=\"widget\" data-widget_type=\"qi_addons_for_elementor_section_title.default\">\n\t\t\t\t<div class=\"elementor-widget-container\">\n\t\t\t\t\t<div class=\"qodef-shortcode qodef-m qodef-qi-section-title qodef-decoration--italic qodef-link--underline-draw qodef-subtitle-icon--left\">\n\t\t\t<h3 class=\"qodef-m-title\">\n\t\tLINEAVITA\u00ae F\u00dcR PROFESSIONELLE INSTALLATEURE\t<\/h3>\n\t\t\t\t\t\t<div class=\"qodef-m-text\"><p><strong>Der unverzichtbare Partner f\u00fcr den Installateur von Absturzsicherungssystemen aus der H\u00f6he.<\/strong><\/p><p>Die endg\u00fcltige Antwort auf die Bed\u00fcrfnisse von Installateuren. <strong>Modulare sowie einfach und schnell<\/strong> zu installierende Absturzsicherungssysteme: wir geben <strong>Ihnen die Gewissheit<\/strong> einer umfassenden Unterst\u00fctzung in allen technisch-betrieblichen Angelegenheiten.<\/p><\/div>\n\t<\/div>\n\t\t\t\t<\/div>\n\t\t\t\t<\/div>\n\t\t\t\t\t<\/div>\n\t\t<\/div>\n\t\t\t\t\t<\/div>\n\t\t<\/section>\n\t\t\t\t<section class=\"elementor-section elementor-top-section elementor-element elementor-element-c195ae0 elementor-section-full_width qodef-elementor-content-grid elementor-section-height-default elementor-section-height-default\" data-id=\"c195ae0\" data-element_type=\"section\" data-e-type=\"section\">\n\t\t\t\t\t\t<div class=\"elementor-container elementor-column-gap-default\">\n\t\t\t\t\t<div class=\"elementor-column elementor-col-100 elementor-top-column elementor-element elementor-element-497f7a7\" data-id=\"497f7a7\" data-element_type=\"column\" data-e-type=\"column\">\n\t\t\t<div class=\"elementor-widget-wrap elementor-element-populated\">\n\t\t\t\t\t\t<div class=\"elementor-element elementor-element-0cf8412 elementor-widget elementor-widget-spacer\" data-id=\"0cf8412\" data-element_type=\"widget\" data-e-type=\"widget\" data-widget_type=\"spacer.default\">\n\t\t\t\t<div class=\"elementor-widget-container\">\n\t\t\t\t\t\t\t<div class=\"elementor-spacer\">\n\t\t\t<div class=\"elementor-spacer-inner\"><\/div>\n\t\t<\/div>\n\t\t\t\t\t\t<\/div>\n\t\t\t\t<\/div>\n\t\t\t\t<div class=\"elementor-element elementor-element-8d1c140 elementor-invisible elementor-widget elementor-widget-qi_addons_for_elementor_section_title\" data-id=\"8d1c140\" data-element_type=\"widget\" data-e-type=\"widget\" data-settings=\"{&quot;_animation&quot;:&quot;fadeIn&quot;}\" data-widget_type=\"qi_addons_for_elementor_section_title.default\">\n\t\t\t\t<div class=\"elementor-widget-container\">\n\t\t\t\t\t<div class=\"qodef-shortcode qodef-m qodef-qi-section-title qodef-decoration--italic qodef-link--underline-draw qodef-subtitle-icon--left\">\n\t\t\t<h3 class=\"qodef-m-title\">\n\t\tDIE LINEAVITA\u00ae- L\u00d6SUNG\t<\/h3>\n\t\t\t\t\t\t<div class=\"qodef-m-text\"><p>Als professioneller Installateur von <strong>Absturzsicherungssystemen aus der H\u00f6he m\u00fcssen<\/strong> Sie f\u00fcr eine fachgerechte Installation und eine wirksame Pr\u00fcfung sorgen, damit die Endnutzer des Systems gesch\u00fctzt sind: zum Erwerb der spezifischen Fertigkeiten und zur \u00dcbernahme der besten Absturzsicherungsl\u00f6sungen <strong>haben Sie jetzt einen unverzichtbaren Partner<\/strong>, der Ihnen einen Rundum-Service bietet.<\/p><\/div>\n\t<\/div>\n\t\t\t\t<\/div>\n\t\t\t\t<\/div>\n\t\t\t\t<div class=\"elementor-element elementor-element-99c61a8 elementor-invisible elementor-widget elementor-widget-qi_addons_for_elementor_section_title\" data-id=\"99c61a8\" data-element_type=\"widget\" data-e-type=\"widget\" data-settings=\"{&quot;_animation&quot;:&quot;fadeIn&quot;,&quot;_animation_delay&quot;:250}\" data-widget_type=\"qi_addons_for_elementor_section_title.default\">\n\t\t\t\t<div class=\"elementor-widget-container\">\n\t\t\t\t\t<div class=\"qodef-shortcode qodef-m qodef-qi-section-title qodef-decoration--italic qodef-link--underline-draw qodef-subtitle-icon--left\">\n\t\t\t\t\t\t\t\t<div class=\"qodef-m-text\"><p><strong>Kostenlose technische Beratung<\/strong><\/p><p><strong>Exklusive operative Arbeitshilfen (vorausgef\u00fcllte Formulare, Vademecum, Handb\u00fccher)<\/strong><\/p><p><strong>Ausf\u00fchrliche technische Dokumentation<\/strong><\/p><p><strong>Synergetische Projekt- und Betriebsentwicklung<\/strong><\/p><\/div>\n\t<\/div>\n\t\t\t\t<\/div>\n\t\t\t\t<\/div>\n\t\t\t\t<div class=\"elementor-element elementor-element-b138618 elementor-invisible elementor-widget elementor-widget-qi_addons_for_elementor_section_title\" data-id=\"b138618\" data-element_type=\"widget\" data-e-type=\"widget\" data-settings=\"{&quot;_animation&quot;:&quot;fadeIn&quot;,&quot;_animation_delay&quot;:500}\" data-widget_type=\"qi_addons_for_elementor_section_title.default\">\n\t\t\t\t<div class=\"elementor-widget-container\">\n\t\t\t\t\t<div class=\"qodef-shortcode qodef-m qodef-qi-section-title qodef-decoration--italic qodef-link--underline-draw qodef-subtitle-icon--left\">\n\t\t\t\t\t\t\t\t<div class=\"qodef-m-text\"><p><span class=\"evidenzia\">LineaVita<sup>\u00ae<\/sup> als Partner zu w\u00e4hlen bedeutet auf Qualit\u00e4t und Exzellenz zu setzen, <strong>die durch jahrzehntelange Erfahrung<\/strong>, zertifizierte Prozesse, industrialisierte Verfahren und <strong>hochqualifizierte Fachleute garantiert werden<\/strong>.<\/span><\/p><p>F\u00fcr weitere Informationen nehmen Sie bitte <a href=\"mailto:%20info@lineadivita.it\"><span style=\"text-decoration: underline\">unverbindlich Kontakt<\/span><\/a> mit uns auf: unsere technische Abteilung steht Ihnen zur Verf\u00fcgung, um Ihre Bed\u00fcrfnisse zu analysieren und Ihnen die beste L\u00f6sung zu bieten.<\/p><\/div>\n\t<\/div>\n\t\t\t\t<\/div>\n\t\t\t\t<\/div>\n\t\t\t\t<div class=\"elementor-element elementor-element-40636cc elementor-widget elementor-widget-spacer\" data-id=\"40636cc\" data-element_type=\"widget\" data-e-type=\"widget\" data-widget_type=\"spacer.default\">\n\t\t\t\t<div class=\"elementor-widget-container\">\n\t\t\t\t\t\t\t<div class=\"elementor-spacer\">\n\t\t\t<div class=\"elementor-spacer-inner\"><\/div>\n\t\t<\/div>\n\t\t\t\t\t\t<\/div>\n\t\t\t\t<\/div>\n\t\t\t\t\t<\/div>\n\t\t<\/div>\n\t\t\t\t\t<\/div>\n\t\t<\/section>\n\t\t\t\t<\/div>\n\t\t","protected":false},"excerpt":{"rendered":"<p>Professioneller Installateur LINEAVITA\u00ae F\u00dcR PROFESSIONELLE INSTALLATEURE Der unverzichtbare Partner f\u00fcr den Installateur von Absturzsicherungssystemen aus der H\u00f6he. Die endg\u00fcltige Antwort auf die Bed\u00fcrfnisse von Installateuren. Modulare sowie einfach und schnell zu installierende Absturzsicherungssysteme: wir geben Ihnen die Gewissheit einer umfassenden Unterst\u00fctzung in allen technisch-betrieblichen Angelegenheiten. DIE LINEAVITA\u00ae- L\u00d6SUNG Als professioneller Installateur von Absturzsicherungssystemen aus der [&hellip;]<\/p>\n","protected":false},"author":1,"featured_media":0,"parent":0,"menu_order":0,"comment_status":"closed","ping_status":"closed","template":"","meta":{"footnotes":""},"class_list":["post-10439","page","type-page","status-publish","hentry"],"yoast_head":"<!-- This site is optimized with the Yoast SEO plugin v27.2 - https:\/\/yoast.com\/product\/yoast-seo-wordpress\/ -->\n<title>LineaVita\u00ae f\u00fcr professionelle Installateure von Absturzsicherungssystemen<\/title>\n<meta name=\"description\" content=\"LineaVita\u00ae ist der unverzichtbare Partner f\u00fcr den Errichter von Absturzsicherungssystemen aus gro\u00dfer H\u00f6he. Wir bieten modulare Absturzsicherungssysteme, aktuelle Fachschulungen und 360\u00b0-Unterst\u00fctzung bei allen technisch-betrieblichen Problemen.\" \/>\n<meta name=\"robots\" content=\"index, follow, max-snippet:-1, max-image-preview:large, max-video-preview:-1\" \/>\n<link rel=\"canonical\" href=\"https:\/\/www.lineadivita.it\/de\/professioneller-installateur\/\" \/>\n<meta property=\"og:locale\" content=\"de_DE\" \/>\n<meta property=\"og:type\" content=\"article\" \/>\n<meta property=\"og:title\" content=\"LineaVita\u00ae f\u00fcr professionelle Installateure von Absturzsicherungssystemen\" \/>\n<meta property=\"og:description\" content=\"LineaVita\u00ae ist der unverzichtbare Partner f\u00fcr den Errichter von Absturzsicherungssystemen aus gro\u00dfer H\u00f6he. Wir bieten modulare Absturzsicherungssysteme, aktuelle Fachschulungen und 360\u00b0-Unterst\u00fctzung bei allen technisch-betrieblichen Problemen.\" \/>\n<meta property=\"og:url\" content=\"https:\/\/www.lineadivita.it\/de\/professioneller-installateur\/\" \/>\n<meta property=\"og:site_name\" content=\"Linea Vita by Co.M.Ed.\" \/>\n<meta property=\"article:modified_time\" content=\"2026-02-26T11:28:59+00:00\" \/>\n<meta name=\"twitter:card\" content=\"summary_large_image\" \/>\n<meta name=\"twitter:label1\" content=\"Gesch\u00e4tzte Lesezeit\" \/>\n\t<meta name=\"twitter:data1\" content=\"1 Minute\" \/>\n<script type=\"application\/ld+json\" class=\"yoast-schema-graph\">{\"@context\":\"https:\/\/schema.org\",\"@graph\":[{\"@type\":\"WebPage\",\"@id\":\"https:\/\/www.lineadivita.it\/de\/professioneller-installateur\/\",\"url\":\"https:\/\/www.lineadivita.it\/de\/professioneller-installateur\/\",\"name\":\"LineaVita\u00ae f\u00fcr professionelle Installateure von Absturzsicherungssystemen\",\"isPartOf\":{\"@id\":\"https:\/\/www.lineadivita.it\/de\/#website\"},\"datePublished\":\"2023-11-30T08:25:12+00:00\",\"dateModified\":\"2026-02-26T11:28:59+00:00\",\"description\":\"LineaVita\u00ae ist der unverzichtbare Partner f\u00fcr den Errichter von Absturzsicherungssystemen aus gro\u00dfer H\u00f6he. Wir bieten modulare Absturzsicherungssysteme, aktuelle Fachschulungen und 360\u00b0-Unterst\u00fctzung bei allen technisch-betrieblichen Problemen.\",\"breadcrumb\":{\"@id\":\"https:\/\/www.lineadivita.it\/de\/professioneller-installateur\/#breadcrumb\"},\"inLanguage\":\"de\",\"potentialAction\":[{\"@type\":\"ReadAction\",\"target\":[\"https:\/\/www.lineadivita.it\/de\/professioneller-installateur\/\"]}]},{\"@type\":\"BreadcrumbList\",\"@id\":\"https:\/\/www.lineadivita.it\/de\/professioneller-installateur\/#breadcrumb\",\"itemListElement\":[{\"@type\":\"ListItem\",\"position\":1,\"name\":\"Home\",\"item\":\"https:\/\/www.lineadivita.it\/de\/\"},{\"@type\":\"ListItem\",\"position\":2,\"name\":\"Professioneller Installateur\"}]},{\"@type\":\"WebSite\",\"@id\":\"https:\/\/www.lineadivita.it\/de\/#website\",\"url\":\"https:\/\/www.lineadivita.it\/de\/\",\"name\":\"LineaVita by Comed\",\"description\":\"Linee vita Lazio Lombardia Campania\",\"publisher\":{\"@id\":\"https:\/\/www.lineadivita.it\/de\/#organization\"},\"alternateName\":\"Linee vita Bergamo\",\"potentialAction\":[{\"@type\":\"SearchAction\",\"target\":{\"@type\":\"EntryPoint\",\"urlTemplate\":\"https:\/\/www.lineadivita.it\/de\/?s={search_term_string}\"},\"query-input\":{\"@type\":\"PropertyValueSpecification\",\"valueRequired\":true,\"valueName\":\"search_term_string\"}}],\"inLanguage\":\"de\"},{\"@type\":\"Organization\",\"@id\":\"https:\/\/www.lineadivita.it\/de\/#organization\",\"name\":\"LineaVita by Comed\",\"alternateName\":\"Line Vita Bergamo\",\"url\":\"https:\/\/www.lineadivita.it\/de\/\",\"logo\":{\"@type\":\"ImageObject\",\"inLanguage\":\"de\",\"@id\":\"https:\/\/www.lineadivita.it\/de\/#\/schema\/logo\/image\/\",\"url\":\"https:\/\/www.lineadivita.it\/wp-content\/uploads\/2023\/11\/Linea-Vita-COMED-SVG-1.png\",\"contentUrl\":\"https:\/\/www.lineadivita.it\/wp-content\/uploads\/2023\/11\/Linea-Vita-COMED-SVG-1.png\",\"width\":455,\"height\":167,\"caption\":\"LineaVita by Comed\"},\"image\":{\"@id\":\"https:\/\/www.lineadivita.it\/de\/#\/schema\/logo\/image\/\"},\"sameAs\":[\"https:\/\/www.linkedin.com\/company\/linea-vita-by-co.m.ed.-s.r.l.\/\"]}]}<\/script>\n<!-- \/ Yoast SEO plugin. -->","yoast_head_json":{"title":"LineaVita\u00ae f\u00fcr professionelle Installateure von Absturzsicherungssystemen","description":"LineaVita\u00ae ist der unverzichtbare Partner f\u00fcr den Errichter von Absturzsicherungssystemen aus gro\u00dfer H\u00f6he. Wir bieten modulare Absturzsicherungssysteme, aktuelle Fachschulungen und 360\u00b0-Unterst\u00fctzung bei allen technisch-betrieblichen Problemen.","robots":{"index":"index","follow":"follow","max-snippet":"max-snippet:-1","max-image-preview":"max-image-preview:large","max-video-preview":"max-video-preview:-1"},"canonical":"https:\/\/www.lineadivita.it\/de\/professioneller-installateur\/","og_locale":"de_DE","og_type":"article","og_title":"LineaVita\u00ae f\u00fcr professionelle Installateure von Absturzsicherungssystemen","og_description":"LineaVita\u00ae ist der unverzichtbare Partner f\u00fcr den Errichter von Absturzsicherungssystemen aus gro\u00dfer H\u00f6he. Wir bieten modulare Absturzsicherungssysteme, aktuelle Fachschulungen und 360\u00b0-Unterst\u00fctzung bei allen technisch-betrieblichen Problemen.","og_url":"https:\/\/www.lineadivita.it\/de\/professioneller-installateur\/","og_site_name":"Linea Vita by Co.M.Ed.","article_modified_time":"2026-02-26T11:28:59+00:00","twitter_card":"summary_large_image","twitter_misc":{"Gesch\u00e4tzte Lesezeit":"1 Minute"},"schema":{"@context":"https:\/\/schema.org","@graph":[{"@type":"WebPage","@id":"https:\/\/www.lineadivita.it\/de\/professioneller-installateur\/","url":"https:\/\/www.lineadivita.it\/de\/professioneller-installateur\/","name":"LineaVita\u00ae f\u00fcr professionelle Installateure von Absturzsicherungssystemen","isPartOf":{"@id":"https:\/\/www.lineadivita.it\/de\/#website"},"datePublished":"2023-11-30T08:25:12+00:00","dateModified":"2026-02-26T11:28:59+00:00","description":"LineaVita\u00ae ist der unverzichtbare Partner f\u00fcr den Errichter von Absturzsicherungssystemen aus gro\u00dfer H\u00f6he. Wir bieten modulare Absturzsicherungssysteme, aktuelle Fachschulungen und 360\u00b0-Unterst\u00fctzung bei allen technisch-betrieblichen Problemen.","breadcrumb":{"@id":"https:\/\/www.lineadivita.it\/de\/professioneller-installateur\/#breadcrumb"},"inLanguage":"de","potentialAction":[{"@type":"ReadAction","target":["https:\/\/www.lineadivita.it\/de\/professioneller-installateur\/"]}]},{"@type":"BreadcrumbList","@id":"https:\/\/www.lineadivita.it\/de\/professioneller-installateur\/#breadcrumb","itemListElement":[{"@type":"ListItem","position":1,"name":"Home","item":"https:\/\/www.lineadivita.it\/de\/"},{"@type":"ListItem","position":2,"name":"Professioneller Installateur"}]},{"@type":"WebSite","@id":"https:\/\/www.lineadivita.it\/de\/#website","url":"https:\/\/www.lineadivita.it\/de\/","name":"LineaVita by Comed","description":"Linee vita Lazio Lombardia Campania","publisher":{"@id":"https:\/\/www.lineadivita.it\/de\/#organization"},"alternateName":"Linee vita Bergamo","potentialAction":[{"@type":"SearchAction","target":{"@type":"EntryPoint","urlTemplate":"https:\/\/www.lineadivita.it\/de\/?s={search_term_string}"},"query-input":{"@type":"PropertyValueSpecification","valueRequired":true,"valueName":"search_term_string"}}],"inLanguage":"de"},{"@type":"Organization","@id":"https:\/\/www.lineadivita.it\/de\/#organization","name":"LineaVita by Comed","alternateName":"Line Vita Bergamo","url":"https:\/\/www.lineadivita.it\/de\/","logo":{"@type":"ImageObject","inLanguage":"de","@id":"https:\/\/www.lineadivita.it\/de\/#\/schema\/logo\/image\/","url":"https:\/\/www.lineadivita.it\/wp-content\/uploads\/2023\/11\/Linea-Vita-COMED-SVG-1.png","contentUrl":"https:\/\/www.lineadivita.it\/wp-content\/uploads\/2023\/11\/Linea-Vita-COMED-SVG-1.png","width":455,"height":167,"caption":"LineaVita by Comed"},"image":{"@id":"https:\/\/www.lineadivita.it\/de\/#\/schema\/logo\/image\/"},"sameAs":["https:\/\/www.linkedin.com\/company\/linea-vita-by-co.m.ed.-s.r.l.\/"]}]}},"_links":{"self":[{"href":"https:\/\/www.lineadivita.it\/de\/wp-json\/wp\/v2\/pages\/10439","targetHints":{"allow":["GET"]}}],"collection":[{"href":"https:\/\/www.lineadivita.it\/de\/wp-json\/wp\/v2\/pages"}],"about":[{"href":"https:\/\/www.lineadivita.it\/de\/wp-json\/wp\/v2\/types\/page"}],"author":[{"embeddable":true,"href":"https:\/\/www.lineadivita.it\/de\/wp-json\/wp\/v2\/users\/1"}],"replies":[{"embeddable":true,"href":"https:\/\/www.lineadivita.it\/de\/wp-json\/wp\/v2\/comments?post=10439"}],"version-history":[{"count":5,"href":"https:\/\/www.lineadivita.it\/de\/wp-json\/wp\/v2\/pages\/10439\/revisions"}],"predecessor-version":[{"id":11233,"href":"https:\/\/www.lineadivita.it\/de\/wp-json\/wp\/v2\/pages\/10439\/revisions\/11233"}],"wp:attachment":[{"href":"https:\/\/www.lineadivita.it\/de\/wp-json\/wp\/v2\/media?parent=10439"}],"curies":[{"name":"wp","href":"https:\/\/api.w.org\/{rel}","templated":true}]}}