{"id":10775,"date":"2025-05-19T06:16:16","date_gmt":"2025-05-19T06:16:16","guid":{"rendered":"https:\/\/www.lineadivita.it\/?page_id=10775"},"modified":"2025-05-19T07:33:00","modified_gmt":"2025-05-19T07:33:00","slug":"lebensader-kampaniens","status":"publish","type":"page","link":"https:\/\/www.lineadivita.it\/de\/lebensader-kampaniens\/","title":{"rendered":"Lebensader Kampanien"},"content":{"rendered":"\t\t<div data-elementor-type=\"wp-page\" data-elementor-id=\"10775\" class=\"elementor elementor-10775 elementor-10774\">\n\t\t\t\t\t\t<section class=\"elementor-section elementor-top-section elementor-element elementor-element-7ff6323 elementor-section-full_width qodef-elementor-content-grid elementor-section-height-min-height elementor-section-stretched elementor-section-height-default elementor-section-items-middle elementor-invisible\" data-id=\"7ff6323\" data-element_type=\"section\" data-e-type=\"section\" data-settings=\"{&quot;background_background&quot;:&quot;classic&quot;,&quot;stretch_section&quot;:&quot;section-stretched&quot;,&quot;animation&quot;:&quot;fadeIn&quot;}\">\n\t\t\t\t\t\t<div class=\"elementor-container elementor-column-gap-default\">\n\t\t\t\t\t<div class=\"elementor-column elementor-col-100 elementor-top-column elementor-element elementor-element-7ff997b\" data-id=\"7ff997b\" data-element_type=\"column\" data-e-type=\"column\">\n\t\t\t<div class=\"elementor-widget-wrap elementor-element-populated\">\n\t\t\t\t\t\t<div class=\"elementor-element elementor-element-5a1edab elementor-widget elementor-widget-manufaktursolutions_core_section_title\" data-id=\"5a1edab\" data-element_type=\"widget\" data-e-type=\"widget\" data-widget_type=\"manufaktursolutions_core_section_title.default\">\n\t\t\t\t<div class=\"elementor-widget-container\">\n\t\t\t\t\t<div class=\"qodef-shortcode qodef-m  qodef-section-title qodef-alignment--center   \">\n\t\t\t<h1 class=\"qodef-m-title\" style=\"color: #FF7617\">\n\t\t\t\t\tLebensader Kampanien<br \/>\t\t\t<\/h1>\n\t\t<\/div>\n\t\t\t\t<\/div>\n\t\t\t\t<\/div>\n\t\t\t\t\t<\/div>\n\t\t<\/div>\n\t\t\t\t\t<\/div>\n\t\t<\/section>\n\t\t<div class=\"elementor-element elementor-element-4644352 elementor-hidden-mobile e-flex e-con-boxed e-con e-parent\" data-id=\"4644352\" data-element_type=\"container\" data-e-type=\"container\">\n\t\t\t\t\t<div class=\"e-con-inner\">\n\t\t\t\t<div class=\"elementor-element elementor-element-70260d8 elementor-widget elementor-widget-spacer\" data-id=\"70260d8\" data-element_type=\"widget\" data-e-type=\"widget\" data-widget_type=\"spacer.default\">\n\t\t\t\t<div class=\"elementor-widget-container\">\n\t\t\t\t\t\t\t<div class=\"elementor-spacer\">\n\t\t\t<div class=\"elementor-spacer-inner\"><\/div>\n\t\t<\/div>\n\t\t\t\t\t\t<\/div>\n\t\t\t\t<\/div>\n\t\t\t\t\t<\/div>\n\t\t\t\t<\/div>\n\t\t<div class=\"elementor-element elementor-element-6194b43 e-flex e-con-boxed e-con e-parent\" data-id=\"6194b43\" data-element_type=\"container\" data-e-type=\"container\">\n\t\t\t\t\t<div class=\"e-con-inner\">\n\t\t\t\t<div class=\"elementor-element elementor-element-75442d6 elementor-widget elementor-widget-manufaktursolutions_core_section_title\" data-id=\"75442d6\" data-element_type=\"widget\" data-e-type=\"widget\" data-widget_type=\"manufaktursolutions_core_section_title.default\">\n\t\t\t\t<div class=\"elementor-widget-container\">\n\t\t\t\t\t<div class=\"qodef-shortcode qodef-m  qodef-section-title qodef-alignment--center   \">\n\t\t\t<h3 class=\"qodef-m-title\" >\n\t\t\t\t\tLebensader Kampanien\t\t\t<\/h3>\n\t\t\t<p class=\"qodef-m-text\" >Installation, Pr\u00fcfung und Wartung von zertifizierten Absturzsicherungssystemen f\u00fcr Wohn- und Industriegeb\u00e4ude.\n\n<\/p>\n<\/div>\n\t\t\t\t<\/div>\n\t\t\t\t<\/div>\n\t\t\t\t<div class=\"elementor-element elementor-element-798eb17 elementor-widget elementor-widget-manufaktursolutions_core_section_title\" data-id=\"798eb17\" data-element_type=\"widget\" data-e-type=\"widget\" data-widget_type=\"manufaktursolutions_core_section_title.default\">\n\t\t\t\t<div class=\"elementor-widget-container\">\n\t\t\t\t\t<div class=\"qodef-shortcode qodef-m  qodef-section-title qodef-alignment--center   \">\n\t\t\t<h2 class=\"qodef-m-title\" >\n\t\t\t\t\tunsere Dienstleistungen in Kampanien\t\t\t<\/h2>\n\t\t<\/div>\n\t\t\t\t<\/div>\n\t\t\t\t<\/div>\n\t\t\t\t<div class=\"elementor-element elementor-element-816cf6f elementor-widget elementor-widget-text-editor\" data-id=\"816cf6f\" data-element_type=\"widget\" data-e-type=\"widget\" data-widget_type=\"text-editor.default\">\n\t\t\t\t<div class=\"elementor-widget-container\">\n\t\t\t\t\t\t\t\t\t<ul>\n<li><strong>Installation:<\/strong> Installation von Rettungsleinen und Verankerungen gem\u00e4\u00df EN 795.<\/li>\n<li><strong>Regelm\u00e4\u00dfige \u00dcberpr\u00fcfung:<\/strong> Inspektionen und Ausstellung von Bescheinigungen gem\u00e4\u00df D.Lgs. 81\/08.<\/li>\n<li><strong>Wartung: <\/strong>\u00dcberholungs- und Reparaturarbeiten zur Gew\u00e4hrleistung der Sicherheit.<\/li>\n<li><strong>Schulung:<\/strong> HSE-Kurse f\u00fcr Bediener zur Verwendung und \u00dcberpr\u00fcfung von Absturzsicherungen.<\/li>\n<\/ul>\n\t\t\t\t\t\t\t\t<\/div>\n\t\t\t\t<\/div>\n\t\t\t\t<div class=\"elementor-element elementor-element-59bfd1e elementor-widget elementor-widget-manufaktursolutions_core_section_title\" data-id=\"59bfd1e\" data-element_type=\"widget\" data-e-type=\"widget\" data-widget_type=\"manufaktursolutions_core_section_title.default\">\n\t\t\t\t<div class=\"elementor-widget-container\">\n\t\t\t\t\t<div class=\"qodef-shortcode qodef-m  qodef-section-title qodef-alignment--center   \">\n\t\t\t<h2 class=\"qodef-m-title\" >\n\t\t\t\t\tVorschriften und Normen\t\t\t<\/h2>\n\t\t\t<p class=\"qodef-m-text\" >Alle unsere Eingriffe entsprechen dem Gesetzesdekret 81\/08 und den Normen UNI EN 795 und UNI 11560 und garantieren so maximale Sicherheit und Konformit\u00e4t. \n\n<\/p>\n<\/div>\n\t\t\t\t<\/div>\n\t\t\t\t<\/div>\n\t\t\t\t<div class=\"elementor-element elementor-element-0b3c22c elementor-widget elementor-widget-manufaktursolutions_core_section_title\" data-id=\"0b3c22c\" data-element_type=\"widget\" data-e-type=\"widget\" data-widget_type=\"manufaktursolutions_core_section_title.default\">\n\t\t\t\t<div class=\"elementor-widget-container\">\n\t\t\t\t\t<div class=\"qodef-shortcode qodef-m  qodef-section-title qodef-alignment--center   \">\n\t\t\t<h2 class=\"qodef-m-title\" >\n\t\t\t\t\tWas wir bieten\t\t\t<\/h2>\n\t\t<p class=\"qodef-m-subtitle\" >Wir bieten Ihnen umfangreiche Leistungen rund um die Sicherheit bei Arbeiten in der H\u00f6he.<\/p>\n\t<\/div>\n\t\t\t\t<\/div>\n\t\t\t\t<\/div>\n\t\t\t\t<div class=\"elementor-element elementor-element-2991ac7 elementor-widget elementor-widget-text-editor\" data-id=\"2991ac7\" data-element_type=\"widget\" data-e-type=\"widget\" data-widget_type=\"text-editor.default\">\n\t\t\t\t<div class=\"elementor-widget-container\">\n\t\t\t\t\t\t\t\t\t<p>Forschung und Entwicklung: modulare und innovative L\u00f6sungen.<br \/>Beratung: Risikobewertung und datenbasierte technische Auswahl.<br \/>Design: Ausf\u00fchrungs-, Betriebs- und Managementprojekte.<br \/>Produktion: Strukturanker und kundenspezifische Absturzsicherungssysteme.<br \/>Vertriebsnetz: Produkte und Zubeh\u00f6r immer verf\u00fcgbar, mit Kundendienst.<br \/>Professionelle Installation: Fachgerechte Montage und Einhaltung gesetzlicher Vorschriften.<br \/>Professionelle Schulungen: anerkannte Kurse und Seminare f\u00fcr Bediener.<\/p>\n\t\t\t\t\t\t\t\t<\/div>\n\t\t\t\t<\/div>\n\t\t\t\t<div class=\"elementor-element elementor-element-61eb8c3 elementor-widget elementor-widget-manufaktursolutions_core_section_title\" data-id=\"61eb8c3\" data-element_type=\"widget\" data-e-type=\"widget\" data-widget_type=\"manufaktursolutions_core_section_title.default\">\n\t\t\t\t<div class=\"elementor-widget-container\">\n\t\t\t\t\t<div class=\"qodef-shortcode qodef-m  qodef-section-title qodef-alignment--center   \">\n\t\t\t<h2 class=\"qodef-m-title\" >\n\t\t\t\t\tKontaktieren Sie uns f\u00fcr ein kostenloses Angebot\t\t\t<\/h2>\n\t\t<\/div>\n\t\t\t\t<\/div>\n\t\t\t\t<\/div>\n\t\t\t\t<div class=\"elementor-element elementor-element-0e26adc elementor-widget elementor-widget-text-editor\" data-id=\"0e26adc\" data-element_type=\"widget\" data-e-type=\"widget\" data-widget_type=\"text-editor.default\">\n\t\t\t\t<div class=\"elementor-widget-container\">\n\t\t\t\t\t\t\t\t\t<p>F\u00fcr ein kostenloses Angebot oder weitere Informationen <a href=\"https:\/\/www.lineadivita.it\/it\/contatti\/\">kontaktieren Sie<\/a> uns hier oder rufen Sie uns unter <a href=\"tel:+39035315315\">Tel. an. 035315315.<\/a><\/p>\n\t\t\t\t\t\t\t\t<\/div>\n\t\t\t\t<\/div>\n\t\t\t\t\t<\/div>\n\t\t\t\t<\/div>\n\t\t\t\t<\/div>\n\t\t","protected":false},"excerpt":{"rendered":"<p>Lebensader Kampanien Lebensader Kampanien Installation, Pr\u00fcfung und Wartung von zertifizierten Absturzsicherungssystemen f\u00fcr Wohn- und Industriegeb\u00e4ude. unsere Dienstleistungen in Kampanien Installation: Installation von Rettungsleinen und Verankerungen gem\u00e4\u00df EN 795. Regelm\u00e4\u00dfige \u00dcberpr\u00fcfung: Inspektionen und Ausstellung von Bescheinigungen gem\u00e4\u00df D.Lgs. 81\/08. Wartung: \u00dcberholungs- und Reparaturarbeiten zur Gew\u00e4hrleistung der Sicherheit. Schulung: HSE-Kurse f\u00fcr Bediener zur Verwendung und \u00dcberpr\u00fcfung von [&hellip;]<\/p>\n","protected":false},"author":2,"featured_media":0,"parent":0,"menu_order":0,"comment_status":"closed","ping_status":"closed","template":"","meta":{"footnotes":""},"class_list":["post-10775","page","type-page","status-publish","hentry"],"yoast_head":"<!-- This site is optimized with the Yoast SEO plugin v27.2 - https:\/\/yoast.com\/product\/yoast-seo-wordpress\/ -->\n<title>Lebensader Kampanien | Design Produktion Installation<\/title>\n<meta name=\"description\" content=\"Lebensader in Kampanien: Installation, \u00dcberpr\u00fcfung und Wartung zertifizierter Absturzsicherungssysteme. Rettungsleinen und Schutzsysteme f\u00fcr Arbeiten in der H\u00f6he.\" \/>\n<meta name=\"robots\" content=\"index, follow, max-snippet:-1, max-image-preview:large, max-video-preview:-1\" \/>\n<link rel=\"canonical\" href=\"https:\/\/www.lineadivita.it\/de\/lebensader-kampaniens\/\" \/>\n<meta property=\"og:locale\" content=\"de_DE\" \/>\n<meta property=\"og:type\" content=\"article\" \/>\n<meta property=\"og:title\" content=\"Lebensader Kampanien | Design Produktion Installation\" \/>\n<meta property=\"og:description\" content=\"Lebensader in Kampanien: Installation, \u00dcberpr\u00fcfung und Wartung zertifizierter Absturzsicherungssysteme. Rettungsleinen und Schutzsysteme f\u00fcr Arbeiten in der H\u00f6he.\" \/>\n<meta property=\"og:url\" content=\"https:\/\/www.lineadivita.it\/de\/lebensader-kampaniens\/\" \/>\n<meta property=\"og:site_name\" content=\"Linea Vita by Co.M.Ed.\" \/>\n<meta property=\"article:modified_time\" content=\"2025-05-19T07:33:00+00:00\" \/>\n<meta name=\"twitter:card\" content=\"summary_large_image\" \/>\n<meta name=\"twitter:label1\" content=\"Gesch\u00e4tzte Lesezeit\" \/>\n\t<meta name=\"twitter:data1\" content=\"1 Minute\" \/>\n<script type=\"application\/ld+json\" class=\"yoast-schema-graph\">{\"@context\":\"https:\/\/schema.org\",\"@graph\":[{\"@type\":\"WebPage\",\"@id\":\"https:\/\/www.lineadivita.it\/de\/lebensader-kampaniens\/\",\"url\":\"https:\/\/www.lineadivita.it\/de\/lebensader-kampaniens\/\",\"name\":\"Lebensader Kampanien | Design Produktion Installation\",\"isPartOf\":{\"@id\":\"https:\/\/www.lineadivita.it\/de\/#website\"},\"datePublished\":\"2025-05-19T06:16:16+00:00\",\"dateModified\":\"2025-05-19T07:33:00+00:00\",\"description\":\"Lebensader in Kampanien: Installation, \u00dcberpr\u00fcfung und Wartung zertifizierter Absturzsicherungssysteme. Rettungsleinen und Schutzsysteme f\u00fcr Arbeiten in der H\u00f6he.\",\"breadcrumb\":{\"@id\":\"https:\/\/www.lineadivita.it\/de\/lebensader-kampaniens\/#breadcrumb\"},\"inLanguage\":\"de\",\"potentialAction\":[{\"@type\":\"ReadAction\",\"target\":[\"https:\/\/www.lineadivita.it\/de\/lebensader-kampaniens\/\"]}]},{\"@type\":\"BreadcrumbList\",\"@id\":\"https:\/\/www.lineadivita.it\/de\/lebensader-kampaniens\/#breadcrumb\",\"itemListElement\":[{\"@type\":\"ListItem\",\"position\":1,\"name\":\"Home\",\"item\":\"https:\/\/www.lineadivita.it\/de\/\"},{\"@type\":\"ListItem\",\"position\":2,\"name\":\"Lebensader Kampanien\"}]},{\"@type\":\"WebSite\",\"@id\":\"https:\/\/www.lineadivita.it\/de\/#website\",\"url\":\"https:\/\/www.lineadivita.it\/de\/\",\"name\":\"LineaVita by Comed\",\"description\":\"Linee vita Lazio Lombardia Campania\",\"publisher\":{\"@id\":\"https:\/\/www.lineadivita.it\/de\/#organization\"},\"alternateName\":\"Linee vita Bergamo\",\"potentialAction\":[{\"@type\":\"SearchAction\",\"target\":{\"@type\":\"EntryPoint\",\"urlTemplate\":\"https:\/\/www.lineadivita.it\/de\/?s={search_term_string}\"},\"query-input\":{\"@type\":\"PropertyValueSpecification\",\"valueRequired\":true,\"valueName\":\"search_term_string\"}}],\"inLanguage\":\"de\"},{\"@type\":\"Organization\",\"@id\":\"https:\/\/www.lineadivita.it\/de\/#organization\",\"name\":\"LineaVita by Comed\",\"alternateName\":\"Line Vita Bergamo\",\"url\":\"https:\/\/www.lineadivita.it\/de\/\",\"logo\":{\"@type\":\"ImageObject\",\"inLanguage\":\"de\",\"@id\":\"https:\/\/www.lineadivita.it\/de\/#\/schema\/logo\/image\/\",\"url\":\"https:\/\/www.lineadivita.it\/wp-content\/uploads\/2023\/11\/Linea-Vita-COMED-SVG-1.png\",\"contentUrl\":\"https:\/\/www.lineadivita.it\/wp-content\/uploads\/2023\/11\/Linea-Vita-COMED-SVG-1.png\",\"width\":455,\"height\":167,\"caption\":\"LineaVita by Comed\"},\"image\":{\"@id\":\"https:\/\/www.lineadivita.it\/de\/#\/schema\/logo\/image\/\"},\"sameAs\":[\"https:\/\/www.linkedin.com\/company\/linea-vita-by-co.m.ed.-s.r.l.\/\"]}]}<\/script>\n<!-- \/ Yoast SEO plugin. -->","yoast_head_json":{"title":"Lebensader Kampanien | Design Produktion Installation","description":"Lebensader in Kampanien: Installation, \u00dcberpr\u00fcfung und Wartung zertifizierter Absturzsicherungssysteme. Rettungsleinen und Schutzsysteme f\u00fcr Arbeiten in der H\u00f6he.","robots":{"index":"index","follow":"follow","max-snippet":"max-snippet:-1","max-image-preview":"max-image-preview:large","max-video-preview":"max-video-preview:-1"},"canonical":"https:\/\/www.lineadivita.it\/de\/lebensader-kampaniens\/","og_locale":"de_DE","og_type":"article","og_title":"Lebensader Kampanien | Design Produktion Installation","og_description":"Lebensader in Kampanien: Installation, \u00dcberpr\u00fcfung und Wartung zertifizierter Absturzsicherungssysteme. Rettungsleinen und Schutzsysteme f\u00fcr Arbeiten in der H\u00f6he.","og_url":"https:\/\/www.lineadivita.it\/de\/lebensader-kampaniens\/","og_site_name":"Linea Vita by Co.M.Ed.","article_modified_time":"2025-05-19T07:33:00+00:00","twitter_card":"summary_large_image","twitter_misc":{"Gesch\u00e4tzte Lesezeit":"1 Minute"},"schema":{"@context":"https:\/\/schema.org","@graph":[{"@type":"WebPage","@id":"https:\/\/www.lineadivita.it\/de\/lebensader-kampaniens\/","url":"https:\/\/www.lineadivita.it\/de\/lebensader-kampaniens\/","name":"Lebensader Kampanien | Design Produktion Installation","isPartOf":{"@id":"https:\/\/www.lineadivita.it\/de\/#website"},"datePublished":"2025-05-19T06:16:16+00:00","dateModified":"2025-05-19T07:33:00+00:00","description":"Lebensader in Kampanien: Installation, \u00dcberpr\u00fcfung und Wartung zertifizierter Absturzsicherungssysteme. Rettungsleinen und Schutzsysteme f\u00fcr Arbeiten in der H\u00f6he.","breadcrumb":{"@id":"https:\/\/www.lineadivita.it\/de\/lebensader-kampaniens\/#breadcrumb"},"inLanguage":"de","potentialAction":[{"@type":"ReadAction","target":["https:\/\/www.lineadivita.it\/de\/lebensader-kampaniens\/"]}]},{"@type":"BreadcrumbList","@id":"https:\/\/www.lineadivita.it\/de\/lebensader-kampaniens\/#breadcrumb","itemListElement":[{"@type":"ListItem","position":1,"name":"Home","item":"https:\/\/www.lineadivita.it\/de\/"},{"@type":"ListItem","position":2,"name":"Lebensader Kampanien"}]},{"@type":"WebSite","@id":"https:\/\/www.lineadivita.it\/de\/#website","url":"https:\/\/www.lineadivita.it\/de\/","name":"LineaVita by Comed","description":"Linee vita Lazio Lombardia Campania","publisher":{"@id":"https:\/\/www.lineadivita.it\/de\/#organization"},"alternateName":"Linee vita Bergamo","potentialAction":[{"@type":"SearchAction","target":{"@type":"EntryPoint","urlTemplate":"https:\/\/www.lineadivita.it\/de\/?s={search_term_string}"},"query-input":{"@type":"PropertyValueSpecification","valueRequired":true,"valueName":"search_term_string"}}],"inLanguage":"de"},{"@type":"Organization","@id":"https:\/\/www.lineadivita.it\/de\/#organization","name":"LineaVita by Comed","alternateName":"Line Vita Bergamo","url":"https:\/\/www.lineadivita.it\/de\/","logo":{"@type":"ImageObject","inLanguage":"de","@id":"https:\/\/www.lineadivita.it\/de\/#\/schema\/logo\/image\/","url":"https:\/\/www.lineadivita.it\/wp-content\/uploads\/2023\/11\/Linea-Vita-COMED-SVG-1.png","contentUrl":"https:\/\/www.lineadivita.it\/wp-content\/uploads\/2023\/11\/Linea-Vita-COMED-SVG-1.png","width":455,"height":167,"caption":"LineaVita by Comed"},"image":{"@id":"https:\/\/www.lineadivita.it\/de\/#\/schema\/logo\/image\/"},"sameAs":["https:\/\/www.linkedin.com\/company\/linea-vita-by-co.m.ed.-s.r.l.\/"]}]}},"_links":{"self":[{"href":"https:\/\/www.lineadivita.it\/de\/wp-json\/wp\/v2\/pages\/10775","targetHints":{"allow":["GET"]}}],"collection":[{"href":"https:\/\/www.lineadivita.it\/de\/wp-json\/wp\/v2\/pages"}],"about":[{"href":"https:\/\/www.lineadivita.it\/de\/wp-json\/wp\/v2\/types\/page"}],"author":[{"embeddable":true,"href":"https:\/\/www.lineadivita.it\/de\/wp-json\/wp\/v2\/users\/2"}],"replies":[{"embeddable":true,"href":"https:\/\/www.lineadivita.it\/de\/wp-json\/wp\/v2\/comments?post=10775"}],"version-history":[{"count":4,"href":"https:\/\/www.lineadivita.it\/de\/wp-json\/wp\/v2\/pages\/10775\/revisions"}],"predecessor-version":[{"id":10798,"href":"https:\/\/www.lineadivita.it\/de\/wp-json\/wp\/v2\/pages\/10775\/revisions\/10798"}],"wp:attachment":[{"href":"https:\/\/www.lineadivita.it\/de\/wp-json\/wp\/v2\/media?parent=10775"}],"curies":[{"name":"wp","href":"https:\/\/api.w.org\/{rel}","templated":true}]}}