{"id":10971,"date":"2025-10-23T11:56:37","date_gmt":"2025-10-23T11:56:37","guid":{"rendered":"https:\/\/www.lineadivita.it\/?page_id=10971"},"modified":"2025-10-23T11:56:37","modified_gmt":"2025-10-23T11:56:37","slug":"area-download-2","status":"publish","type":"page","link":"https:\/\/www.lineadivita.it\/de\/area-download-2\/","title":{"rendered":"Area Download"},"content":{"rendered":"\t\t<div data-elementor-type=\"wp-page\" data-elementor-id=\"10971\" class=\"elementor elementor-10971 elementor-10970\">\n\t\t\t\t\t\t<section class=\"elementor-section elementor-top-section elementor-element elementor-element-9c47176 elementor-section-full_width qodef-elementor-content-grid elementor-section-height-min-height elementor-section-stretched elementor-section-height-default elementor-section-items-middle elementor-invisible\" data-id=\"9c47176\" data-element_type=\"section\" data-e-type=\"section\" data-settings=\"{&quot;background_background&quot;:&quot;classic&quot;,&quot;stretch_section&quot;:&quot;section-stretched&quot;,&quot;animation&quot;:&quot;fadeIn&quot;}\">\n\t\t\t\t\t\t<div class=\"elementor-container elementor-column-gap-default\">\n\t\t\t\t\t<div class=\"elementor-column elementor-col-100 elementor-top-column elementor-element elementor-element-ce3783f\" data-id=\"ce3783f\" data-element_type=\"column\" data-e-type=\"column\">\n\t\t\t<div class=\"elementor-widget-wrap elementor-element-populated\">\n\t\t\t\t\t\t<div class=\"elementor-element elementor-element-89e17bb elementor-widget elementor-widget-manufaktursolutions_core_section_title\" data-id=\"89e17bb\" data-element_type=\"widget\" data-e-type=\"widget\" data-widget_type=\"manufaktursolutions_core_section_title.default\">\n\t\t\t\t<div class=\"elementor-widget-container\">\n\t\t\t\t\t<div class=\"qodef-shortcode qodef-m  qodef-section-title qodef-alignment--left   \">\n\t\t<p class=\"qodef-m-highlight-text\" style=\"color: #FF7617;margin-bottom: 25px\">UNTERLAGEN, VORSCHRIFTEN UND KATALOGE WELCHE IHNEN ZUR VERF\u00dcGUNG STEHEN<\/p>\n\t\t<h1 class=\"qodef-m-title\" style=\"color: #FF7617\">\n\t\t\t\t\tAREA DOWNLOAD<br \/>\t\t\t<\/h1>\n\t\t<\/div>\n\t\t\t\t<\/div>\n\t\t\t\t<\/div>\n\t\t\t\t\t<\/div>\n\t\t<\/div>\n\t\t\t\t\t<\/div>\n\t\t<\/section>\n\t\t<div class=\"elementor-element elementor-element-d8494a7 e-flex e-con-boxed elementor-invisible e-con e-parent\" data-id=\"d8494a7\" data-element_type=\"container\" data-e-type=\"container\" data-settings=\"{&quot;animation&quot;:&quot;fadeIn&quot;}\">\n\t\t\t\t\t<div class=\"e-con-inner\">\n\t\t\t\t<div class=\"elementor-element elementor-element-9746bc4 elementor-widget elementor-widget-qi_addons_for_elementor_section_title\" data-id=\"9746bc4\" data-element_type=\"widget\" data-e-type=\"widget\" data-widget_type=\"qi_addons_for_elementor_section_title.default\">\n\t\t\t\t<div class=\"elementor-widget-container\">\n\t\t\t\t\t<div class=\"qodef-shortcode qodef-m qodef-qi-section-title qodef-decoration--italic qodef-link--underline-draw qodef-subtitle-icon--left\">\n\t\t\t<h2 class=\"qodef-m-title\">\n\t\tDOWNLOAD AREA LV DATEIEN\t<\/h2>\n\t\t\t\t\t\t<div class=\"qodef-m-text\"><h5><strong>DIE UNVERZICHTBARE BIBLIOGRAPHIE F\u00dcR KUNDEN, DESIGNER, INSTALLATEURE UND ALLE, DIE WELCHE IN DER H\u00d6HE ARBEITEN.<\/strong><\/h5><p>LineaVita<sup>\u00ae<\/sup> hat im Laufe seiner<strong> drei\u00dfigj\u00e4hrigen Erfahrung in diesem Sektor in Zusammenarbeit<\/strong> mit technischen Arbeitsgruppen von Berufsverb\u00e4nden sowie mit seinem eigenen Forschungs- und Entwicklungszentrum zahlreiche technische Ver\u00f6ffentlichungen, technisch-wissenschaftliche Leitf\u00e4den und zertifizierte Verfahren erstellt, um die Arbeit der Fachleute in diesem Sektor zu unterst\u00fctzen, wobei die Sicherheit der Besch\u00e4ftigten und der Schutz der Kunden immer an erster Stelle stehen. <\/p><p>Deshalb wurde ein <strong>technischer Bereich eingerichtet, der in drei Ebenen unterteilt ist<\/strong>. Unten finden Sie den Link, um Ihre Zugangsdaten anzufordern.<\/p><p>In unserer <strong>LV Files<\/strong>-Datenbank finden Sie alle technischen Unterlagen zu Ihrem Projekt, wie z.B.: Spezifikationen, Datenbl\u00e4tter, Handb\u00fccher, technische Betriebsinformationen usw.<\/p><\/div>\n\t<\/div>\n\t\t\t\t<\/div>\n\t\t\t\t<\/div>\n\t\t\t\t<div class=\"elementor-element elementor-element-c0ad914 elementor-align-center elementor-invisible elementor-widget elementor-widget-button\" data-id=\"c0ad914\" data-element_type=\"widget\" data-e-type=\"widget\" data-settings=\"{&quot;_animation&quot;:&quot;fadeInUp&quot;}\" data-widget_type=\"button.default\">\n\t\t\t\t<div class=\"elementor-widget-container\">\n\t\t\t\t\t\t\t\t\t<div class=\"elementor-button-wrapper\">\n\t\t\t\t\t<a class=\"elementor-button elementor-button-link elementor-size-lg\" href=\"https:\/\/lineadivita.runelab.it\/login\">\n\t\t\t\t\t\t<span class=\"elementor-button-content-wrapper\">\n\t\t\t\t\t\t\t\t\t<span class=\"elementor-button-text\">Zugriff auf den DOWNLOAD BEREICH LineaVita\u00ae LV-Dateien<\/span>\n\t\t\t\t\t<\/span>\n\t\t\t\t\t<\/a>\n\t\t\t\t<\/div>\n\t\t\t\t\t\t\t\t<\/div>\n\t\t\t\t<\/div>\n\t\t\t\t\t<\/div>\n\t\t\t\t<\/div>\n\t\t<div class=\"elementor-element elementor-element-d0899d4 e-flex e-con-boxed e-con e-parent\" data-id=\"d0899d4\" data-element_type=\"container\" data-e-type=\"container\">\n\t\t\t\t\t<div class=\"e-con-inner\">\n\t\t\t\t<div class=\"elementor-element elementor-element-d3b391d elementor-widget elementor-widget-spacer\" data-id=\"d3b391d\" data-element_type=\"widget\" data-e-type=\"widget\" data-widget_type=\"spacer.default\">\n\t\t\t\t<div class=\"elementor-widget-container\">\n\t\t\t\t\t\t\t<div class=\"elementor-spacer\">\n\t\t\t<div class=\"elementor-spacer-inner\"><\/div>\n\t\t<\/div>\n\t\t\t\t\t\t<\/div>\n\t\t\t\t<\/div>\n\t\t\t\t<div class=\"elementor-element elementor-element-fc8cc68 elementor-invisible elementor-widget elementor-widget-qi_addons_for_elementor_section_title\" data-id=\"fc8cc68\" data-element_type=\"widget\" data-e-type=\"widget\" data-settings=\"{&quot;_animation&quot;:&quot;fadeIn&quot;}\" data-widget_type=\"qi_addons_for_elementor_section_title.default\">\n\t\t\t\t<div class=\"elementor-widget-container\">\n\t\t\t\t\t<div class=\"qodef-shortcode qodef-m qodef-qi-section-title qodef-decoration--italic qodef-link--underline-draw qodef-subtitle-icon--left\">\n\t\t\t<h2 class=\"qodef-m-title\">\n\t\tLADEN SIE UNSER KATALOG HERUNTER\t<\/h2>\n\t\t\t\t\t\t<div class=\"qodef-m-text\"><h5><strong>EIN AKTUELLER UND MEHRSPRACHIGER PRODUKTKATALOG<\/strong><\/h5><p>Mit mehr als 500 Referenzen finden Sie alles, was Sie f\u00fcr Ihre Arbeit brauchen, mit Artikelnummern und technischen Beschreibungen.<\/p><\/div>\n\t<\/div>\n\t\t\t\t<\/div>\n\t\t\t\t<\/div>\n\t\t\t\t<div class=\"elementor-element elementor-element-2b591aa elementor-widget elementor-widget-spacer\" data-id=\"2b591aa\" data-element_type=\"widget\" data-e-type=\"widget\" data-widget_type=\"spacer.default\">\n\t\t\t\t<div class=\"elementor-widget-container\">\n\t\t\t\t\t\t\t<div class=\"elementor-spacer\">\n\t\t\t<div class=\"elementor-spacer-inner\"><\/div>\n\t\t<\/div>\n\t\t\t\t\t\t<\/div>\n\t\t\t\t<\/div>\n\t\t\t\t<div class=\"elementor-element elementor-element-a00a541 elementor-align-center elementor-invisible elementor-widget elementor-widget-button\" data-id=\"a00a541\" data-element_type=\"widget\" data-e-type=\"widget\" data-settings=\"{&quot;_animation&quot;:&quot;fadeInUp&quot;}\" data-widget_type=\"button.default\">\n\t\t\t\t<div class=\"elementor-widget-container\">\n\t\t\t\t\t\t\t\t\t<div class=\"elementor-button-wrapper\">\n\t\t\t\t\t<a class=\"elementor-button elementor-button-link elementor-size-md\" href=\"https:\/\/drive.google.com\/file\/d\/1wYp1We6LNokvCjpTjthL4sqRIxxpJTML\/view\">\n\t\t\t\t\t\t<span class=\"elementor-button-content-wrapper\">\n\t\t\t\t\t\t\t\t\t<span class=\"elementor-button-text\">Scarica il nostro catalogo<\/span>\n\t\t\t\t\t<\/span>\n\t\t\t\t\t<\/a>\n\t\t\t\t<\/div>\n\t\t\t\t\t\t\t\t<\/div>\n\t\t\t\t<\/div>\n\t\t\t\t<div class=\"elementor-element elementor-element-63a47c7 elementor-widget elementor-widget-spacer\" data-id=\"63a47c7\" data-element_type=\"widget\" data-e-type=\"widget\" data-widget_type=\"spacer.default\">\n\t\t\t\t<div class=\"elementor-widget-container\">\n\t\t\t\t\t\t\t<div class=\"elementor-spacer\">\n\t\t\t<div class=\"elementor-spacer-inner\"><\/div>\n\t\t<\/div>\n\t\t\t\t\t\t<\/div>\n\t\t\t\t<\/div>\n\t\t\t\t<div class=\"elementor-element elementor-element-d061000 elementor-align-center elementor-invisible elementor-widget elementor-widget-button\" data-id=\"d061000\" data-element_type=\"widget\" data-e-type=\"widget\" data-settings=\"{&quot;_animation&quot;:&quot;fadeInUp&quot;}\" data-widget_type=\"button.default\">\n\t\t\t\t<div class=\"elementor-widget-container\">\n\t\t\t\t\t\t\t\t\t<div class=\"elementor-button-wrapper\">\n\t\t\t\t\t<a class=\"elementor-button elementor-button-link elementor-size-md\" href=\"https:\/\/drive.google.com\/file\/d\/1Sx5LAReNzbkOIn3NVbyeJLQbJ9Yiecpz\/view?usp=sharing\">\n\t\t\t\t\t\t<span class=\"elementor-button-content-wrapper\">\n\t\t\t\t\t\t\t\t\t<span class=\"elementor-button-text\">Download our catalogue<\/span>\n\t\t\t\t\t<\/span>\n\t\t\t\t\t<\/a>\n\t\t\t\t<\/div>\n\t\t\t\t\t\t\t\t<\/div>\n\t\t\t\t<\/div>\n\t\t\t\t<div class=\"elementor-element elementor-element-40a4628 elementor-widget elementor-widget-spacer\" data-id=\"40a4628\" data-element_type=\"widget\" data-e-type=\"widget\" data-widget_type=\"spacer.default\">\n\t\t\t\t<div class=\"elementor-widget-container\">\n\t\t\t\t\t\t\t<div class=\"elementor-spacer\">\n\t\t\t<div class=\"elementor-spacer-inner\"><\/div>\n\t\t<\/div>\n\t\t\t\t\t\t<\/div>\n\t\t\t\t<\/div>\n\t\t\t\t<div class=\"elementor-element elementor-element-eaee10d elementor-align-center elementor-invisible elementor-widget elementor-widget-button\" data-id=\"eaee10d\" data-element_type=\"widget\" data-e-type=\"widget\" data-settings=\"{&quot;_animation&quot;:&quot;fadeInUp&quot;}\" data-widget_type=\"button.default\">\n\t\t\t\t<div class=\"elementor-widget-container\">\n\t\t\t\t\t\t\t\t\t<div class=\"elementor-button-wrapper\">\n\t\t\t\t\t<a class=\"elementor-button elementor-button-link elementor-size-md\" href=\"https:\/\/drive.google.com\/file\/d\/1xTKUAPJnRZiIAeAkVEcaQRAPwE2LO8PO\/view?usp=sharing\">\n\t\t\t\t\t\t<span class=\"elementor-button-content-wrapper\">\n\t\t\t\t\t\t\t\t\t<span class=\"elementor-button-text\">Laden Sie unseren Katalog herunter<\/span>\n\t\t\t\t\t<\/span>\n\t\t\t\t\t<\/a>\n\t\t\t\t<\/div>\n\t\t\t\t\t\t\t\t<\/div>\n\t\t\t\t<\/div>\n\t\t\t\t<div class=\"elementor-element elementor-element-2b5b44f elementor-widget elementor-widget-spacer\" data-id=\"2b5b44f\" data-element_type=\"widget\" data-e-type=\"widget\" data-widget_type=\"spacer.default\">\n\t\t\t\t<div class=\"elementor-widget-container\">\n\t\t\t\t\t\t\t<div class=\"elementor-spacer\">\n\t\t\t<div class=\"elementor-spacer-inner\"><\/div>\n\t\t<\/div>\n\t\t\t\t\t\t<\/div>\n\t\t\t\t<\/div>\n\t\t\t\t\t<\/div>\n\t\t\t\t<\/div>\n\t\t\t\t<\/div>\n\t\t","protected":false},"excerpt":{"rendered":"<p>UNTERLAGEN, VORSCHRIFTEN UND KATALOGE WELCHE IHNEN ZUR VERF\u00dcGUNG STEHEN AREA DOWNLOAD DOWNLOAD AREA LV DATEIEN DIE UNVERZICHTBARE BIBLIOGRAPHIE F\u00dcR KUNDEN, DESIGNER, INSTALLATEURE UND ALLE, DIE WELCHE IN DER H\u00d6HE ARBEITEN. LineaVita\u00ae hat im Laufe seiner drei\u00dfigj\u00e4hrigen Erfahrung in diesem Sektor in Zusammenarbeit mit technischen Arbeitsgruppen von Berufsverb\u00e4nden sowie mit seinem eigenen Forschungs- und Entwicklungszentrum zahlreiche [&hellip;]<\/p>\n","protected":false},"author":2,"featured_media":0,"parent":0,"menu_order":0,"comment_status":"closed","ping_status":"closed","template":"","meta":{"footnotes":""},"class_list":["post-10971","page","type-page","status-publish","hentry"],"yoast_head":"<!-- This site is optimized with the Yoast SEO plugin v27.2 - https:\/\/yoast.com\/product\/yoast-seo-wordpress\/ -->\n<title>Downloadbereich: Dokumente, Vorschriften, Kataloge, Lebensadern<\/title>\n<meta name=\"description\" content=\"Im LineaVita\u00ae-Downloadbereich finden Sie eine Bibliothek mit wichtigen Hilfsmaterialien f\u00fcr Kunden, Designer, Installateure und Arbeiter, die in der H\u00f6he arbeiten. Sie finden technische Dokumentation zur Unterst\u00fctzung Ihres Projekts wie Spezifikationen, technische Datenbl\u00e4tter, Handb\u00fccher und technische Betriebsinformationen. Laden Sie auch unseren st\u00e4ndig aktualisierten Produktkatalog herunter, der in mehreren Sprachen verf\u00fcgbar ist.\" \/>\n<meta name=\"robots\" content=\"index, follow, max-snippet:-1, max-image-preview:large, max-video-preview:-1\" \/>\n<link rel=\"canonical\" href=\"https:\/\/www.lineadivita.it\/de\/area-download-2\/\" \/>\n<meta property=\"og:locale\" content=\"de_DE\" \/>\n<meta property=\"og:type\" content=\"article\" \/>\n<meta property=\"og:title\" content=\"Downloadbereich: Dokumente, Vorschriften, Kataloge, Lebensadern\" \/>\n<meta property=\"og:description\" content=\"Im LineaVita\u00ae-Downloadbereich finden Sie eine Bibliothek mit wichtigen Hilfsmaterialien f\u00fcr Kunden, Designer, Installateure und Arbeiter, die in der H\u00f6he arbeiten. Sie finden technische Dokumentation zur Unterst\u00fctzung Ihres Projekts wie Spezifikationen, technische Datenbl\u00e4tter, Handb\u00fccher und technische Betriebsinformationen. Laden Sie auch unseren st\u00e4ndig aktualisierten Produktkatalog herunter, der in mehreren Sprachen verf\u00fcgbar ist.\" \/>\n<meta property=\"og:url\" content=\"https:\/\/www.lineadivita.it\/de\/area-download-2\/\" \/>\n<meta property=\"og:site_name\" content=\"Linea Vita by Co.M.Ed.\" \/>\n<meta name=\"twitter:card\" content=\"summary_large_image\" \/>\n<meta name=\"twitter:label1\" content=\"Gesch\u00e4tzte Lesezeit\" \/>\n\t<meta name=\"twitter:data1\" content=\"1 Minute\" \/>\n<script type=\"application\/ld+json\" class=\"yoast-schema-graph\">{\"@context\":\"https:\/\/schema.org\",\"@graph\":[{\"@type\":\"WebPage\",\"@id\":\"https:\/\/www.lineadivita.it\/de\/area-download-2\/\",\"url\":\"https:\/\/www.lineadivita.it\/de\/area-download-2\/\",\"name\":\"Downloadbereich: Dokumente, Vorschriften, Kataloge, Lebensadern\",\"isPartOf\":{\"@id\":\"https:\/\/www.lineadivita.it\/de\/#website\"},\"datePublished\":\"2025-10-23T11:56:37+00:00\",\"description\":\"Im LineaVita\u00ae-Downloadbereich finden Sie eine Bibliothek mit wichtigen Hilfsmaterialien f\u00fcr Kunden, Designer, Installateure und Arbeiter, die in der H\u00f6he arbeiten. Sie finden technische Dokumentation zur Unterst\u00fctzung Ihres Projekts wie Spezifikationen, technische Datenbl\u00e4tter, Handb\u00fccher und technische Betriebsinformationen. Laden Sie auch unseren st\u00e4ndig aktualisierten Produktkatalog herunter, der in mehreren Sprachen verf\u00fcgbar ist.\",\"breadcrumb\":{\"@id\":\"https:\/\/www.lineadivita.it\/de\/area-download-2\/#breadcrumb\"},\"inLanguage\":\"de\",\"potentialAction\":[{\"@type\":\"ReadAction\",\"target\":[\"https:\/\/www.lineadivita.it\/de\/area-download-2\/\"]}]},{\"@type\":\"BreadcrumbList\",\"@id\":\"https:\/\/www.lineadivita.it\/de\/area-download-2\/#breadcrumb\",\"itemListElement\":[{\"@type\":\"ListItem\",\"position\":1,\"name\":\"Home\",\"item\":\"https:\/\/www.lineadivita.it\/de\/\"},{\"@type\":\"ListItem\",\"position\":2,\"name\":\"Area Download\"}]},{\"@type\":\"WebSite\",\"@id\":\"https:\/\/www.lineadivita.it\/de\/#website\",\"url\":\"https:\/\/www.lineadivita.it\/de\/\",\"name\":\"LineaVita by Comed\",\"description\":\"Linee vita Lazio Lombardia Campania\",\"publisher\":{\"@id\":\"https:\/\/www.lineadivita.it\/de\/#organization\"},\"alternateName\":\"Linee vita Bergamo\",\"potentialAction\":[{\"@type\":\"SearchAction\",\"target\":{\"@type\":\"EntryPoint\",\"urlTemplate\":\"https:\/\/www.lineadivita.it\/de\/?s={search_term_string}\"},\"query-input\":{\"@type\":\"PropertyValueSpecification\",\"valueRequired\":true,\"valueName\":\"search_term_string\"}}],\"inLanguage\":\"de\"},{\"@type\":\"Organization\",\"@id\":\"https:\/\/www.lineadivita.it\/de\/#organization\",\"name\":\"LineaVita by Comed\",\"alternateName\":\"Line Vita Bergamo\",\"url\":\"https:\/\/www.lineadivita.it\/de\/\",\"logo\":{\"@type\":\"ImageObject\",\"inLanguage\":\"de\",\"@id\":\"https:\/\/www.lineadivita.it\/de\/#\/schema\/logo\/image\/\",\"url\":\"https:\/\/www.lineadivita.it\/wp-content\/uploads\/2023\/11\/Linea-Vita-COMED-SVG-1.png\",\"contentUrl\":\"https:\/\/www.lineadivita.it\/wp-content\/uploads\/2023\/11\/Linea-Vita-COMED-SVG-1.png\",\"width\":455,\"height\":167,\"caption\":\"LineaVita by Comed\"},\"image\":{\"@id\":\"https:\/\/www.lineadivita.it\/de\/#\/schema\/logo\/image\/\"},\"sameAs\":[\"https:\/\/www.linkedin.com\/company\/linea-vita-by-co.m.ed.-s.r.l.\/\"]}]}<\/script>\n<!-- \/ Yoast SEO plugin. -->","yoast_head_json":{"title":"Downloadbereich: Dokumente, Vorschriften, Kataloge, Lebensadern","description":"Im LineaVita\u00ae-Downloadbereich finden Sie eine Bibliothek mit wichtigen Hilfsmaterialien f\u00fcr Kunden, Designer, Installateure und Arbeiter, die in der H\u00f6he arbeiten. Sie finden technische Dokumentation zur Unterst\u00fctzung Ihres Projekts wie Spezifikationen, technische Datenbl\u00e4tter, Handb\u00fccher und technische Betriebsinformationen. Laden Sie auch unseren st\u00e4ndig aktualisierten Produktkatalog herunter, der in mehreren Sprachen verf\u00fcgbar ist.","robots":{"index":"index","follow":"follow","max-snippet":"max-snippet:-1","max-image-preview":"max-image-preview:large","max-video-preview":"max-video-preview:-1"},"canonical":"https:\/\/www.lineadivita.it\/de\/area-download-2\/","og_locale":"de_DE","og_type":"article","og_title":"Downloadbereich: Dokumente, Vorschriften, Kataloge, Lebensadern","og_description":"Im LineaVita\u00ae-Downloadbereich finden Sie eine Bibliothek mit wichtigen Hilfsmaterialien f\u00fcr Kunden, Designer, Installateure und Arbeiter, die in der H\u00f6he arbeiten. Sie finden technische Dokumentation zur Unterst\u00fctzung Ihres Projekts wie Spezifikationen, technische Datenbl\u00e4tter, Handb\u00fccher und technische Betriebsinformationen. Laden Sie auch unseren st\u00e4ndig aktualisierten Produktkatalog herunter, der in mehreren Sprachen verf\u00fcgbar ist.","og_url":"https:\/\/www.lineadivita.it\/de\/area-download-2\/","og_site_name":"Linea Vita by Co.M.Ed.","twitter_card":"summary_large_image","twitter_misc":{"Gesch\u00e4tzte Lesezeit":"1 Minute"},"schema":{"@context":"https:\/\/schema.org","@graph":[{"@type":"WebPage","@id":"https:\/\/www.lineadivita.it\/de\/area-download-2\/","url":"https:\/\/www.lineadivita.it\/de\/area-download-2\/","name":"Downloadbereich: Dokumente, Vorschriften, Kataloge, Lebensadern","isPartOf":{"@id":"https:\/\/www.lineadivita.it\/de\/#website"},"datePublished":"2025-10-23T11:56:37+00:00","description":"Im LineaVita\u00ae-Downloadbereich finden Sie eine Bibliothek mit wichtigen Hilfsmaterialien f\u00fcr Kunden, Designer, Installateure und Arbeiter, die in der H\u00f6he arbeiten. Sie finden technische Dokumentation zur Unterst\u00fctzung Ihres Projekts wie Spezifikationen, technische Datenbl\u00e4tter, Handb\u00fccher und technische Betriebsinformationen. Laden Sie auch unseren st\u00e4ndig aktualisierten Produktkatalog herunter, der in mehreren Sprachen verf\u00fcgbar ist.","breadcrumb":{"@id":"https:\/\/www.lineadivita.it\/de\/area-download-2\/#breadcrumb"},"inLanguage":"de","potentialAction":[{"@type":"ReadAction","target":["https:\/\/www.lineadivita.it\/de\/area-download-2\/"]}]},{"@type":"BreadcrumbList","@id":"https:\/\/www.lineadivita.it\/de\/area-download-2\/#breadcrumb","itemListElement":[{"@type":"ListItem","position":1,"name":"Home","item":"https:\/\/www.lineadivita.it\/de\/"},{"@type":"ListItem","position":2,"name":"Area Download"}]},{"@type":"WebSite","@id":"https:\/\/www.lineadivita.it\/de\/#website","url":"https:\/\/www.lineadivita.it\/de\/","name":"LineaVita by Comed","description":"Linee vita Lazio Lombardia Campania","publisher":{"@id":"https:\/\/www.lineadivita.it\/de\/#organization"},"alternateName":"Linee vita Bergamo","potentialAction":[{"@type":"SearchAction","target":{"@type":"EntryPoint","urlTemplate":"https:\/\/www.lineadivita.it\/de\/?s={search_term_string}"},"query-input":{"@type":"PropertyValueSpecification","valueRequired":true,"valueName":"search_term_string"}}],"inLanguage":"de"},{"@type":"Organization","@id":"https:\/\/www.lineadivita.it\/de\/#organization","name":"LineaVita by Comed","alternateName":"Line Vita Bergamo","url":"https:\/\/www.lineadivita.it\/de\/","logo":{"@type":"ImageObject","inLanguage":"de","@id":"https:\/\/www.lineadivita.it\/de\/#\/schema\/logo\/image\/","url":"https:\/\/www.lineadivita.it\/wp-content\/uploads\/2023\/11\/Linea-Vita-COMED-SVG-1.png","contentUrl":"https:\/\/www.lineadivita.it\/wp-content\/uploads\/2023\/11\/Linea-Vita-COMED-SVG-1.png","width":455,"height":167,"caption":"LineaVita by Comed"},"image":{"@id":"https:\/\/www.lineadivita.it\/de\/#\/schema\/logo\/image\/"},"sameAs":["https:\/\/www.linkedin.com\/company\/linea-vita-by-co.m.ed.-s.r.l.\/"]}]}},"_links":{"self":[{"href":"https:\/\/www.lineadivita.it\/de\/wp-json\/wp\/v2\/pages\/10971","targetHints":{"allow":["GET"]}}],"collection":[{"href":"https:\/\/www.lineadivita.it\/de\/wp-json\/wp\/v2\/pages"}],"about":[{"href":"https:\/\/www.lineadivita.it\/de\/wp-json\/wp\/v2\/types\/page"}],"author":[{"embeddable":true,"href":"https:\/\/www.lineadivita.it\/de\/wp-json\/wp\/v2\/users\/2"}],"replies":[{"embeddable":true,"href":"https:\/\/www.lineadivita.it\/de\/wp-json\/wp\/v2\/comments?post=10971"}],"version-history":[{"count":1,"href":"https:\/\/www.lineadivita.it\/de\/wp-json\/wp\/v2\/pages\/10971\/revisions"}],"predecessor-version":[{"id":10974,"href":"https:\/\/www.lineadivita.it\/de\/wp-json\/wp\/v2\/pages\/10971\/revisions\/10974"}],"wp:attachment":[{"href":"https:\/\/www.lineadivita.it\/de\/wp-json\/wp\/v2\/media?parent=10971"}],"curies":[{"name":"wp","href":"https:\/\/api.w.org\/{rel}","templated":true}]}}