{"id":11183,"date":"2025-07-17T11:01:07","date_gmt":"2025-07-17T11:01:07","guid":{"rendered":"https:\/\/www.lineadivita.it\/?page_id=11183"},"modified":"2026-02-26T11:28:10","modified_gmt":"2026-02-26T11:28:10","slug":"verantwortlicher-fur-den-praventions-und-schutzdienst-rspp","status":"publish","type":"page","link":"https:\/\/www.lineadivita.it\/de\/verantwortlicher-fur-den-praventions-und-schutzdienst-rspp\/","title":{"rendered":"Verantwortlicher f\u00fcr den Pr\u00e4ventions- und Schutzdienst (RSPP)"},"content":{"rendered":"\t\t<div data-elementor-type=\"wp-page\" data-elementor-id=\"11183\" class=\"elementor elementor-11183 elementor-11182\">\n\t\t\t\t\t\t<section class=\"elementor-section elementor-top-section elementor-element elementor-element-ff92c0d elementor-section-full_width qodef-elementor-content-grid elementor-section-height-min-height elementor-section-stretched elementor-section-height-default elementor-section-items-middle elementor-invisible\" data-id=\"ff92c0d\" data-element_type=\"section\" data-e-type=\"section\" data-settings=\"{&quot;background_background&quot;:&quot;classic&quot;,&quot;stretch_section&quot;:&quot;section-stretched&quot;,&quot;animation&quot;:&quot;fadeIn&quot;}\">\n\t\t\t\t\t\t<div class=\"elementor-container elementor-column-gap-default\">\n\t\t\t\t\t<div class=\"elementor-column elementor-col-100 elementor-top-column elementor-element elementor-element-1a2de37\" data-id=\"1a2de37\" data-element_type=\"column\" data-e-type=\"column\">\n\t\t\t<div class=\"elementor-widget-wrap elementor-element-populated\">\n\t\t\t\t\t\t<div class=\"elementor-element elementor-element-327ab5a elementor-widget elementor-widget-manufaktursolutions_core_section_title\" data-id=\"327ab5a\" data-element_type=\"widget\" data-e-type=\"widget\" data-widget_type=\"manufaktursolutions_core_section_title.default\">\n\t\t\t\t<div class=\"elementor-widget-container\">\n\t\t\t\t\t<div class=\"qodef-shortcode qodef-m  qodef-section-title qodef-alignment--left   \">\n\t\t\t<h1 class=\"qodef-m-title\" style=\"color: #FF7617\">\n\t\t\t\t\tVerantwortlicher f\u00fcr den Pr\u00e4ventions- und Schutzdienst (RSPP)\t\t\t<\/h1>\n\t\t<\/div>\n\t\t\t\t<\/div>\n\t\t\t\t<\/div>\n\t\t\t\t\t<\/div>\n\t\t<\/div>\n\t\t\t\t\t<\/div>\n\t\t<\/section>\n\t\t\t\t<section class=\"elementor-section elementor-top-section elementor-element elementor-element-4faa79d elementor-section-full_width qodef-elementor-content-grid elementor-section-height-default elementor-section-height-default\" data-id=\"4faa79d\" data-element_type=\"section\" data-e-type=\"section\">\n\t\t\t\t\t\t<div class=\"elementor-container elementor-column-gap-default\">\n\t\t\t\t\t<div class=\"elementor-column elementor-col-100 elementor-top-column elementor-element elementor-element-6fbf8f4\" data-id=\"6fbf8f4\" data-element_type=\"column\" data-e-type=\"column\">\n\t\t\t<div class=\"elementor-widget-wrap elementor-element-populated\">\n\t\t\t\t\t\t<div class=\"elementor-element elementor-element-0495944 elementor-invisible elementor-widget elementor-widget-qi_addons_for_elementor_section_title\" data-id=\"0495944\" data-element_type=\"widget\" data-e-type=\"widget\" data-settings=\"{&quot;_animation&quot;:&quot;fadeIn&quot;}\" data-widget_type=\"qi_addons_for_elementor_section_title.default\">\n\t\t\t\t<div class=\"elementor-widget-container\">\n\t\t\t\t\t<div class=\"qodef-shortcode qodef-m qodef-qi-section-title qodef-decoration--italic qodef-link--underline-draw qodef-subtitle-icon--left\">\n\t\t\t<h3 class=\"qodef-m-title\">\n\t\tLINEAVITA\u00ae F\u00dcR DESIGNER\/PLANER.\t<\/h3>\n\t\t\t\t\t\t<div class=\"qodef-m-text\"><p><strong>Der unverzichtbare Partner f\u00fcr den verantwortlichen Designer, Planer sowie Leiter des Arbeitschutzdienstes.<\/strong><\/p><p>Die ideale Antwort auf die Anforderungen von Bauplanern und Arbeitsschutzbeauftragten: modulare, schnell und einfach zu installierende, kosteng\u00fcnstige Absturzsicherungssysteme und die Gewissheit einer umfassenden Unterst\u00fctzung in allen technischen und rechtlichen Fragen.<\/p><\/div>\n\t<\/div>\n\t\t\t\t<\/div>\n\t\t\t\t<\/div>\n\t\t\t\t\t<\/div>\n\t\t<\/div>\n\t\t\t\t\t<\/div>\n\t\t<\/section>\n\t\t\t\t<section class=\"elementor-section elementor-top-section elementor-element elementor-element-e4b78e1 elementor-section-full_width qodef-elementor-content-grid elementor-section-height-default elementor-section-height-default\" data-id=\"e4b78e1\" data-element_type=\"section\" data-e-type=\"section\">\n\t\t\t\t\t\t<div class=\"elementor-container elementor-column-gap-default\">\n\t\t\t\t\t<div class=\"elementor-column elementor-col-100 elementor-top-column elementor-element elementor-element-2549073\" data-id=\"2549073\" data-element_type=\"column\" data-e-type=\"column\">\n\t\t\t<div class=\"elementor-widget-wrap elementor-element-populated\">\n\t\t\t\t\t\t<div class=\"elementor-element elementor-element-7a826ab elementor-widget elementor-widget-spacer\" data-id=\"7a826ab\" data-element_type=\"widget\" data-e-type=\"widget\" data-widget_type=\"spacer.default\">\n\t\t\t\t<div class=\"elementor-widget-container\">\n\t\t\t\t\t\t\t<div class=\"elementor-spacer\">\n\t\t\t<div class=\"elementor-spacer-inner\"><\/div>\n\t\t<\/div>\n\t\t\t\t\t\t<\/div>\n\t\t\t\t<\/div>\n\t\t\t\t<div class=\"elementor-element elementor-element-09a41e1 elementor-invisible elementor-widget elementor-widget-qi_addons_for_elementor_section_title\" data-id=\"09a41e1\" data-element_type=\"widget\" data-e-type=\"widget\" data-settings=\"{&quot;_animation&quot;:&quot;fadeIn&quot;}\" data-widget_type=\"qi_addons_for_elementor_section_title.default\">\n\t\t\t\t<div class=\"elementor-widget-container\">\n\t\t\t\t\t<div class=\"qodef-shortcode qodef-m qodef-qi-section-title qodef-decoration--italic qodef-link--underline-draw qodef-subtitle-icon--left\">\n\t\t\t<h3 class=\"qodef-m-title\">\n\t\tDIE LINEAVITA\u00ae- L\u00d6SUNG\t<\/h3>\n\t\t\t\t\t\t<div class=\"qodef-m-text\"><p>Die definitive Antwort auf die Anforderungen der Installateure: <strong>modulare Absturzsicherungssysteme, einfach und schnell zu installieren<\/strong>: Wir garantieren Ihnen umfassende Unterst\u00fctzung in allen technischen und betrieblichen Fragen.<\/p><\/div>\n\t<\/div>\n\t\t\t\t<\/div>\n\t\t\t\t<\/div>\n\t\t\t\t<div class=\"elementor-element elementor-element-7b8cd2a elementor-invisible elementor-widget elementor-widget-qi_addons_for_elementor_section_title\" data-id=\"7b8cd2a\" data-element_type=\"widget\" data-e-type=\"widget\" data-settings=\"{&quot;_animation&quot;:&quot;fadeIn&quot;,&quot;_animation_delay&quot;:250}\" data-widget_type=\"qi_addons_for_elementor_section_title.default\">\n\t\t\t\t<div class=\"elementor-widget-container\">\n\t\t\t\t\t<div class=\"qodef-shortcode qodef-m qodef-qi-section-title qodef-decoration--italic qodef-link--underline-draw qodef-subtitle-icon--left\">\n\t\t\t\t\t\t\t\t<div class=\"qodef-m-text\"><p><strong>Kostenlose technische Beratung<\/strong><\/p><p><strong>Exklusive operative Arbeitshilfen (vorausgef\u00fcllte Formulare, Vademecum, Handb\u00fccher)<\/strong><\/p><p><strong>Ausf\u00fchrliche technische Dokumentation<\/strong><\/p><p><strong>Synergetische Projekt- und Betriebsentwicklung<\/strong><\/p><\/div>\n\t<\/div>\n\t\t\t\t<\/div>\n\t\t\t\t<\/div>\n\t\t\t\t<div class=\"elementor-element elementor-element-961fc1c elementor-invisible elementor-widget elementor-widget-qi_addons_for_elementor_section_title\" data-id=\"961fc1c\" data-element_type=\"widget\" data-e-type=\"widget\" data-settings=\"{&quot;_animation&quot;:&quot;fadeIn&quot;,&quot;_animation_delay&quot;:500}\" data-widget_type=\"qi_addons_for_elementor_section_title.default\">\n\t\t\t\t<div class=\"elementor-widget-container\">\n\t\t\t\t\t<div class=\"qodef-shortcode qodef-m qodef-qi-section-title qodef-decoration--italic qodef-link--underline-draw qodef-subtitle-icon--left\">\n\t\t\t\t\t\t\t\t<div class=\"qodef-m-text\"><p><span class=\"evidenzia\">LineaVita<sup>\u00ae<\/sup> als Partner zu w\u00e4hlen bedeutet auf Qualit\u00e4t und Exzellenz zu setzen, <strong>die durch jahrzehntelange Erfahrung<\/strong>, zertifizierte Prozesse, industrialisierte Verfahren und <strong>hochqualifizierte Fachleute garantiert werden<\/strong>.<\/span><\/p><p>F\u00fcr weitere Informationen nehmen Sie bitte <a href=\"mailto:info@lineadivita.it\"><span style=\"text-decoration: underline\">unverbindlich Kontakt<\/span><\/a> mit uns auf: unsere technische Abteilung steht Ihnen zur Verf\u00fcgung, um Ihre Bed\u00fcrfnisse zu analysieren und Ihnen die beste L\u00f6sung zu bieten.<\/p><\/div>\n\t<\/div>\n\t\t\t\t<\/div>\n\t\t\t\t<\/div>\n\t\t\t\t<div class=\"elementor-element elementor-element-d8fe466 elementor-widget elementor-widget-spacer\" data-id=\"d8fe466\" data-element_type=\"widget\" data-e-type=\"widget\" data-widget_type=\"spacer.default\">\n\t\t\t\t<div class=\"elementor-widget-container\">\n\t\t\t\t\t\t\t<div class=\"elementor-spacer\">\n\t\t\t<div class=\"elementor-spacer-inner\"><\/div>\n\t\t<\/div>\n\t\t\t\t\t\t<\/div>\n\t\t\t\t<\/div>\n\t\t\t\t\t<\/div>\n\t\t<\/div>\n\t\t\t\t\t<\/div>\n\t\t<\/section>\n\t\t\t\t<\/div>\n\t\t","protected":false},"excerpt":{"rendered":"<p>Verantwortlicher f\u00fcr den Pr\u00e4ventions- und Schutzdienst (RSPP) LINEAVITA\u00ae F\u00dcR DESIGNER\/PLANER. Der unverzichtbare Partner f\u00fcr den verantwortlichen Designer, Planer sowie Leiter des Arbeitschutzdienstes. Die ideale Antwort auf die Anforderungen von Bauplanern und Arbeitsschutzbeauftragten: modulare, schnell und einfach zu installierende, kosteng\u00fcnstige Absturzsicherungssysteme und die Gewissheit einer umfassenden Unterst\u00fctzung in allen technischen und rechtlichen Fragen. DIE LINEAVITA\u00ae- L\u00d6SUNG [&hellip;]<\/p>\n","protected":false},"author":2,"featured_media":0,"parent":0,"menu_order":0,"comment_status":"closed","ping_status":"closed","template":"","meta":{"footnotes":""},"class_list":["post-11183","page","type-page","status-publish","hentry"],"yoast_head":"<!-- This site is optimized with the Yoast SEO plugin v27.2 - https:\/\/yoast.com\/product\/yoast-seo-wordpress\/ -->\n<title>LineaVita\u00ae f\u00fcr Designer und RSPP<\/title>\n<meta name=\"description\" content=\"LineaVita\u00ae ist der unverzichtbare Partner f\u00fcr den verantwortungsvollen Designer. Wir bieten modulare Absturzsicherungssysteme, aktuelle Fachschulungen und eine 360\u00b0-Unterst\u00fctzung in allen technisch-gesetzgeberischen Fragen.\" \/>\n<meta name=\"robots\" content=\"index, follow, max-snippet:-1, max-image-preview:large, max-video-preview:-1\" \/>\n<link rel=\"canonical\" href=\"https:\/\/www.lineadivita.it\/de\/verantwortlicher-fur-den-praventions-und-schutzdienst-rspp\/\" \/>\n<meta property=\"og:locale\" content=\"de_DE\" \/>\n<meta property=\"og:type\" content=\"article\" \/>\n<meta property=\"og:title\" content=\"LineaVita\u00ae f\u00fcr Designer und RSPP\" \/>\n<meta property=\"og:description\" content=\"LineaVita\u00ae ist der unverzichtbare Partner f\u00fcr den verantwortungsvollen Designer. Wir bieten modulare Absturzsicherungssysteme, aktuelle Fachschulungen und eine 360\u00b0-Unterst\u00fctzung in allen technisch-gesetzgeberischen Fragen.\" \/>\n<meta property=\"og:url\" content=\"https:\/\/www.lineadivita.it\/de\/verantwortlicher-fur-den-praventions-und-schutzdienst-rspp\/\" \/>\n<meta property=\"og:site_name\" content=\"Linea Vita by Co.M.Ed.\" \/>\n<meta property=\"article:modified_time\" content=\"2026-02-26T11:28:10+00:00\" \/>\n<meta name=\"twitter:card\" content=\"summary_large_image\" \/>\n<meta name=\"twitter:label1\" content=\"Gesch\u00e4tzte Lesezeit\" \/>\n\t<meta name=\"twitter:data1\" content=\"1 Minute\" \/>\n<script type=\"application\/ld+json\" class=\"yoast-schema-graph\">{\"@context\":\"https:\/\/schema.org\",\"@graph\":[{\"@type\":\"WebPage\",\"@id\":\"https:\/\/www.lineadivita.it\/de\/verantwortlicher-fur-den-praventions-und-schutzdienst-rspp\/\",\"url\":\"https:\/\/www.lineadivita.it\/de\/verantwortlicher-fur-den-praventions-und-schutzdienst-rspp\/\",\"name\":\"LineaVita\u00ae f\u00fcr Designer und RSPP\",\"isPartOf\":{\"@id\":\"https:\/\/www.lineadivita.it\/de\/#website\"},\"datePublished\":\"2025-07-17T11:01:07+00:00\",\"dateModified\":\"2026-02-26T11:28:10+00:00\",\"description\":\"LineaVita\u00ae ist der unverzichtbare Partner f\u00fcr den verantwortungsvollen Designer. Wir bieten modulare Absturzsicherungssysteme, aktuelle Fachschulungen und eine 360\u00b0-Unterst\u00fctzung in allen technisch-gesetzgeberischen Fragen.\",\"breadcrumb\":{\"@id\":\"https:\/\/www.lineadivita.it\/de\/verantwortlicher-fur-den-praventions-und-schutzdienst-rspp\/#breadcrumb\"},\"inLanguage\":\"de\",\"potentialAction\":[{\"@type\":\"ReadAction\",\"target\":[\"https:\/\/www.lineadivita.it\/de\/verantwortlicher-fur-den-praventions-und-schutzdienst-rspp\/\"]}]},{\"@type\":\"BreadcrumbList\",\"@id\":\"https:\/\/www.lineadivita.it\/de\/verantwortlicher-fur-den-praventions-und-schutzdienst-rspp\/#breadcrumb\",\"itemListElement\":[{\"@type\":\"ListItem\",\"position\":1,\"name\":\"Home\",\"item\":\"https:\/\/www.lineadivita.it\/de\/\"},{\"@type\":\"ListItem\",\"position\":2,\"name\":\"Verantwortlicher f\u00fcr den Pr\u00e4ventions- und Schutzdienst (RSPP)\"}]},{\"@type\":\"WebSite\",\"@id\":\"https:\/\/www.lineadivita.it\/de\/#website\",\"url\":\"https:\/\/www.lineadivita.it\/de\/\",\"name\":\"LineaVita by Comed\",\"description\":\"Linee vita Lazio Lombardia Campania\",\"publisher\":{\"@id\":\"https:\/\/www.lineadivita.it\/de\/#organization\"},\"alternateName\":\"Linee vita Bergamo\",\"potentialAction\":[{\"@type\":\"SearchAction\",\"target\":{\"@type\":\"EntryPoint\",\"urlTemplate\":\"https:\/\/www.lineadivita.it\/de\/?s={search_term_string}\"},\"query-input\":{\"@type\":\"PropertyValueSpecification\",\"valueRequired\":true,\"valueName\":\"search_term_string\"}}],\"inLanguage\":\"de\"},{\"@type\":\"Organization\",\"@id\":\"https:\/\/www.lineadivita.it\/de\/#organization\",\"name\":\"LineaVita by Comed\",\"alternateName\":\"Line Vita Bergamo\",\"url\":\"https:\/\/www.lineadivita.it\/de\/\",\"logo\":{\"@type\":\"ImageObject\",\"inLanguage\":\"de\",\"@id\":\"https:\/\/www.lineadivita.it\/de\/#\/schema\/logo\/image\/\",\"url\":\"https:\/\/www.lineadivita.it\/wp-content\/uploads\/2023\/11\/Linea-Vita-COMED-SVG-1.png\",\"contentUrl\":\"https:\/\/www.lineadivita.it\/wp-content\/uploads\/2023\/11\/Linea-Vita-COMED-SVG-1.png\",\"width\":455,\"height\":167,\"caption\":\"LineaVita by Comed\"},\"image\":{\"@id\":\"https:\/\/www.lineadivita.it\/de\/#\/schema\/logo\/image\/\"},\"sameAs\":[\"https:\/\/www.linkedin.com\/company\/linea-vita-by-co.m.ed.-s.r.l.\/\"]}]}<\/script>\n<!-- \/ Yoast SEO plugin. -->","yoast_head_json":{"title":"LineaVita\u00ae f\u00fcr Designer und RSPP","description":"LineaVita\u00ae ist der unverzichtbare Partner f\u00fcr den verantwortungsvollen Designer. Wir bieten modulare Absturzsicherungssysteme, aktuelle Fachschulungen und eine 360\u00b0-Unterst\u00fctzung in allen technisch-gesetzgeberischen Fragen.","robots":{"index":"index","follow":"follow","max-snippet":"max-snippet:-1","max-image-preview":"max-image-preview:large","max-video-preview":"max-video-preview:-1"},"canonical":"https:\/\/www.lineadivita.it\/de\/verantwortlicher-fur-den-praventions-und-schutzdienst-rspp\/","og_locale":"de_DE","og_type":"article","og_title":"LineaVita\u00ae f\u00fcr Designer und RSPP","og_description":"LineaVita\u00ae ist der unverzichtbare Partner f\u00fcr den verantwortungsvollen Designer. Wir bieten modulare Absturzsicherungssysteme, aktuelle Fachschulungen und eine 360\u00b0-Unterst\u00fctzung in allen technisch-gesetzgeberischen Fragen.","og_url":"https:\/\/www.lineadivita.it\/de\/verantwortlicher-fur-den-praventions-und-schutzdienst-rspp\/","og_site_name":"Linea Vita by Co.M.Ed.","article_modified_time":"2026-02-26T11:28:10+00:00","twitter_card":"summary_large_image","twitter_misc":{"Gesch\u00e4tzte Lesezeit":"1 Minute"},"schema":{"@context":"https:\/\/schema.org","@graph":[{"@type":"WebPage","@id":"https:\/\/www.lineadivita.it\/de\/verantwortlicher-fur-den-praventions-und-schutzdienst-rspp\/","url":"https:\/\/www.lineadivita.it\/de\/verantwortlicher-fur-den-praventions-und-schutzdienst-rspp\/","name":"LineaVita\u00ae f\u00fcr Designer und RSPP","isPartOf":{"@id":"https:\/\/www.lineadivita.it\/de\/#website"},"datePublished":"2025-07-17T11:01:07+00:00","dateModified":"2026-02-26T11:28:10+00:00","description":"LineaVita\u00ae ist der unverzichtbare Partner f\u00fcr den verantwortungsvollen Designer. Wir bieten modulare Absturzsicherungssysteme, aktuelle Fachschulungen und eine 360\u00b0-Unterst\u00fctzung in allen technisch-gesetzgeberischen Fragen.","breadcrumb":{"@id":"https:\/\/www.lineadivita.it\/de\/verantwortlicher-fur-den-praventions-und-schutzdienst-rspp\/#breadcrumb"},"inLanguage":"de","potentialAction":[{"@type":"ReadAction","target":["https:\/\/www.lineadivita.it\/de\/verantwortlicher-fur-den-praventions-und-schutzdienst-rspp\/"]}]},{"@type":"BreadcrumbList","@id":"https:\/\/www.lineadivita.it\/de\/verantwortlicher-fur-den-praventions-und-schutzdienst-rspp\/#breadcrumb","itemListElement":[{"@type":"ListItem","position":1,"name":"Home","item":"https:\/\/www.lineadivita.it\/de\/"},{"@type":"ListItem","position":2,"name":"Verantwortlicher f\u00fcr den Pr\u00e4ventions- und Schutzdienst (RSPP)"}]},{"@type":"WebSite","@id":"https:\/\/www.lineadivita.it\/de\/#website","url":"https:\/\/www.lineadivita.it\/de\/","name":"LineaVita by Comed","description":"Linee vita Lazio Lombardia Campania","publisher":{"@id":"https:\/\/www.lineadivita.it\/de\/#organization"},"alternateName":"Linee vita Bergamo","potentialAction":[{"@type":"SearchAction","target":{"@type":"EntryPoint","urlTemplate":"https:\/\/www.lineadivita.it\/de\/?s={search_term_string}"},"query-input":{"@type":"PropertyValueSpecification","valueRequired":true,"valueName":"search_term_string"}}],"inLanguage":"de"},{"@type":"Organization","@id":"https:\/\/www.lineadivita.it\/de\/#organization","name":"LineaVita by Comed","alternateName":"Line Vita Bergamo","url":"https:\/\/www.lineadivita.it\/de\/","logo":{"@type":"ImageObject","inLanguage":"de","@id":"https:\/\/www.lineadivita.it\/de\/#\/schema\/logo\/image\/","url":"https:\/\/www.lineadivita.it\/wp-content\/uploads\/2023\/11\/Linea-Vita-COMED-SVG-1.png","contentUrl":"https:\/\/www.lineadivita.it\/wp-content\/uploads\/2023\/11\/Linea-Vita-COMED-SVG-1.png","width":455,"height":167,"caption":"LineaVita by Comed"},"image":{"@id":"https:\/\/www.lineadivita.it\/de\/#\/schema\/logo\/image\/"},"sameAs":["https:\/\/www.linkedin.com\/company\/linea-vita-by-co.m.ed.-s.r.l.\/"]}]}},"_links":{"self":[{"href":"https:\/\/www.lineadivita.it\/de\/wp-json\/wp\/v2\/pages\/11183","targetHints":{"allow":["GET"]}}],"collection":[{"href":"https:\/\/www.lineadivita.it\/de\/wp-json\/wp\/v2\/pages"}],"about":[{"href":"https:\/\/www.lineadivita.it\/de\/wp-json\/wp\/v2\/types\/page"}],"author":[{"embeddable":true,"href":"https:\/\/www.lineadivita.it\/de\/wp-json\/wp\/v2\/users\/2"}],"replies":[{"embeddable":true,"href":"https:\/\/www.lineadivita.it\/de\/wp-json\/wp\/v2\/comments?post=11183"}],"version-history":[{"count":5,"href":"https:\/\/www.lineadivita.it\/de\/wp-json\/wp\/v2\/pages\/11183\/revisions"}],"predecessor-version":[{"id":11230,"href":"https:\/\/www.lineadivita.it\/de\/wp-json\/wp\/v2\/pages\/11183\/revisions\/11230"}],"wp:attachment":[{"href":"https:\/\/www.lineadivita.it\/de\/wp-json\/wp\/v2\/media?parent=11183"}],"curies":[{"name":"wp","href":"https:\/\/api.w.org\/{rel}","templated":true}]}}